{"id":152,"date":"2015-01-23T10:07:11","date_gmt":"2015-01-23T10:07:11","guid":{"rendered":"https:\/\/the7.io\/conference\/?page_id=2"},"modified":"2025-01-09T19:48:18","modified_gmt":"2025-01-09T19:48:18","slug":"conference","status":"publish","type":"page","link":"https:\/\/rukavutacura.cl\/","title":{"rendered":"Inicio"},"content":{"rendered":"<p>[vc_row css=\u00bb.vc_custom_1640061203755{padding-top: 40px !important;}\u00bb el_id=\u00bbnosotros\u00bb][vc_column]<div id=\"ultimate-heading-648469ef314212cf3\" class=\"uvc-heading ult-adjust-bottom-margin ultimate-heading-648469ef314212cf3 uvc-5603 \" data-hspacer=\"line_with_icon\" data-hline_width=\"250\" data-hicon_type=\"selector\" data-hborder_style=\"solid\" data-hborder_height=\"3\" data-hborder_color=\"#fc2e58\" data-icon_width=\"14\" data-hfixer=\"15\"  data-halign=\"center\" style=\"text-align:center\"><div class=\"uvc-main-heading ult-responsive\"  data-ultimate-target='.uvc-heading.ultimate-heading-648469ef314212cf3 h2'  data-responsive-json-new='{\"font-size\":\"desktop:50px;\",\"line-height\":\"desktop:60px;\"}' ><h2 style=\"font-weight:bold;margin-bottom:10px;\">Bello Amanecer<\/h2><\/div><div class=\"uvc-heading-spacer line_with_icon\" style=\"topheight:14px;\"><div class=\"ult-just-icon-wrapper  \"><div class=\"align-icon\" style=\"text-align:center;\">\n<div class=\"aio-icon none \"  style=\"color:#fc2e58;font-size:14px;display:inline-block;\">\n\t<i class=\"icomoon-font-awesome-14x14-bookmark\"><\/i>\n<\/div><\/div><\/div><\/div><\/div>[\/vc_column][\/vc_row][vc_row equal_height=\u00bbyes\u00bb content_placement=\u00bbmiddle\u00bb][vc_column width=\u00bb1\/2&#8243;]<div id=\"ultimate-heading-92869ef314212d1c\" class=\"uvc-heading ult-adjust-bottom-margin ultimate-heading-92869ef314212d1c uvc-5339 accent-title-color color-title\" data-hspacer=\"no_spacer\"  data-halign=\"left\" style=\"text-align:left\"><div class=\"uvc-heading-spacer no_spacer\" style=\"top\"><\/div><div class=\"uvc-main-heading ult-responsive\"  data-ultimate-target='.uvc-heading.ultimate-heading-92869ef314212d1c h2'  data-responsive-json-new='{\"font-size\":\"desktop:22px;\",\"line-height\":\"desktop:32px;\"}' ><h2 style=\"font-weight:bold;margin-bottom:10px;\">Caba\u00f1a Ruka Vutacura<\/h2><\/div><\/div>[vc_column_text css=\u00bb.vc_custom_1640060163062{padding-bottom: 50px !important;}\u00bb]Es un emprendimiento familiar que lleva funcionando hace unos 6 a\u00f1os aproximadamente, atendida por su propia due\u00f1a. Emplezada en la cuenca del lago Ranco, espec\u00edficamente en la playa Huequecura, localidad de Llif\u00e9n. Nuestra Misi\u00f3n es fomentar el turismo rural, entregando un servicio de alojamiento y descanso a turistas nacionales como internacionales en donde ellos puedan recorrer los diferentes paisajes de nuestra comuna en familia. La caba\u00f1a tiene una capacidad de 5 personas, con 2 dormitorios matrimoniales, y otro dormitorio con 1 cama de plaza y media.[\/vc_column_text][\/vc_column][vc_column width=\u00bb1\/2&#8243;]<div class=\"info-wrapper ult-adjust-bottom-margin\"><div id=\"info-circle-wrapper-69ef314212d3b\" data-uniqid=\"69ef314212d3b\" class=\"info-circle-wrapper  info-circle-responsive \" data-half-percentage=\"70\" data-circle-type=\"full-circle\"><div class=\"info-c-full-br\" style='border:3px solid #5984b3;width:100%;opacity:0;' data-start-degree=\"90\" data-divert=\"\" data-info-circle-angle=\"full\" data-responsive-circle=\"on\" data-responsive-breakpoint=\"400\" data-launch=\"linear\" data-launch-duration=\"0.6\" data-launch-delay=\"0.2\" data-slide-true=\"on\" data-slide-duration=\"5\" data-icon-size=\"24\" data-icon-show=\"show\" data-icon-show-size=\"56\" data-highlight-style=\"info-circle-pop\" data-focus-on=\"hover\"><div  class=\"icon-circle-list\"><div class=\"info-circle-icons \" style=\"background:#912227;color:#ffffff;\" ><i class=\"fas fa-car-side info-circle-icon\" ><\/i><\/div><div class=\"info-details\" data-icon-class=\"ult-info-circle-icon\"><div class=\"info-circle-def\"><div  class=\"info-circle-sub-def\"><i class=\"fas fa-car-side info-circle-icon\" ><\/i><div class=\"responsive-font-class ult-responsive\" ><h3  data-ultimate-target='#info-cirlce-wrap-9255 .responsive-font-class h3.new-cust-responsive-class'  data-responsive-json-new='{\"font-size\":\"desktop:26px;\",\"line-height\":\"desktop:36px;\"}'  class=\"info-circle-heading ult-responsive new-cust-responsive-class\" style=\"font-weight:bold;\">Estacionamientos<\/h3><div  class=\"info-circle-text \" style=\"font-weight:normal;\"><\/div><\/div><\/div><\/div><\/div><div class=\"info-circle-icons \" style=\"background:#912227;color:#ffffff;\" ><i class=\"fas fa-tv info-circle-icon\" ><\/i><\/div><div class=\"info-details\" data-icon-class=\"ult-info-circle-icon\"><div class=\"info-circle-def\"><div  class=\"info-circle-sub-def\"><i class=\"fas fa-tv info-circle-icon\" ><\/i><div class=\"responsive-font-class ult-responsive\" ><h3  data-ultimate-target='#info-cirlce-wrap-9255 .responsive-font-class h3.new-cust-responsive-class'  data-responsive-json-new='{\"font-size\":\"desktop:26px;\",\"line-height\":\"desktop:36px;\"}'  class=\"info-circle-heading ult-responsive new-cust-responsive-class\" style=\"font-weight:bold;\">TV Cable<\/h3><div  class=\"info-circle-text \" style=\"font-weight:normal;\"><\/div><\/div><\/div><\/div><\/div><div class=\"info-circle-icons \" style=\"background:#912227;color:#ffffff;\" ><i class=\"fas fa-wifi info-circle-icon\" ><\/i><\/div><div class=\"info-details\" data-icon-class=\"ult-info-circle-icon\"><div class=\"info-circle-def\"><div  class=\"info-circle-sub-def\"><i class=\"fas fa-wifi info-circle-icon\" ><\/i><div class=\"responsive-font-class ult-responsive\" ><h3  data-ultimate-target='#info-cirlce-wrap-9255 .responsive-font-class h3.new-cust-responsive-class'  data-responsive-json-new='{\"font-size\":\"desktop:26px;\",\"line-height\":\"desktop:36px;\"}'  class=\"info-circle-heading ult-responsive new-cust-responsive-class\" style=\"font-weight:bold;\">Wifi<\/h3><div  class=\"info-circle-text \" style=\"font-weight:normal;\"><\/div><\/div><\/div><\/div><\/div><div class=\"info-circle-icons \" style=\"background:#912227;color:#ffffff;\" ><i class=\"icomoon-font-awesome-14x14-fire info-circle-icon\" ><\/i><\/div><div class=\"info-details\" data-icon-class=\"ult-info-circle-icon\"><div class=\"info-circle-def\"><div  class=\"info-circle-sub-def\"><i class=\"icomoon-font-awesome-14x14-fire info-circle-icon\" ><\/i><div class=\"responsive-font-class ult-responsive\" ><h3  data-ultimate-target='#info-cirlce-wrap-9255 .responsive-font-class h3.new-cust-responsive-class'  data-responsive-json-new='{\"font-size\":\"desktop:26px;\",\"line-height\":\"desktop:36px;\"}'  class=\"info-circle-heading ult-responsive new-cust-responsive-class\" style=\"font-weight:bold;\">Calefacci\u00f3n a Pellet<\/h3><div  class=\"info-circle-text \" style=\"font-weight:normal;\"><\/div><\/div><\/div><\/div><\/div><div class=\"info-circle-icons \" style=\"background:#912227;color:#ffffff;\" ><i class=\"fas fa-bed info-circle-icon\" ><\/i><\/div><div class=\"info-details\" data-icon-class=\"ult-info-circle-icon\"><div class=\"info-circle-def\"><div  class=\"info-circle-sub-def\"><i class=\"fas fa-bed info-circle-icon\" ><\/i><div class=\"responsive-font-class ult-responsive\" ><h3  data-ultimate-target='#info-cirlce-wrap-9255 .responsive-font-class h3.new-cust-responsive-class'  data-responsive-json-new='{\"font-size\":\"desktop:26px;\",\"line-height\":\"desktop:36px;\"}'  class=\"info-circle-heading ult-responsive new-cust-responsive-class\" style=\"font-weight:bold;\">Ropa de Cama<\/h3><div  class=\"info-circle-text \" style=\"font-weight:normal;\"><\/div><\/div><\/div><\/div><\/div><div class=\"info-circle-icons \" style=\"background:#912227;color:#ffffff;\" ><i class=\"fas fa-sun info-circle-icon\" ><\/i><\/div><div class=\"info-details\" data-icon-class=\"ult-info-circle-icon\"><div class=\"info-circle-def\"><div  class=\"info-circle-sub-def\"><i class=\"fas fa-sun info-circle-icon\" ><\/i><div class=\"responsive-font-class ult-responsive\" ><h3  data-ultimate-target='#info-cirlce-wrap-9255 .responsive-font-class h3.new-cust-responsive-class'  data-responsive-json-new='{\"font-size\":\"desktop:26px;\",\"line-height\":\"desktop:36px;\"}'  class=\"info-circle-heading ult-responsive new-cust-responsive-class\" style=\"font-weight:bold;\">Bajada a la playa Huequecura<\/h3><div  class=\"info-circle-text \" style=\"font-weight:normal;\"><\/div><\/div><\/div><\/div><\/div><div class=\"info-circle-icons \" style=\"background:#912227;color:#ffffff;\" ><i class=\"icomoon-font-awesome-14x14-free-code-camp info-circle-icon\" ><\/i><\/div><div class=\"info-details\" data-icon-class=\"ult-info-circle-icon\"><div class=\"info-circle-def\"><div  class=\"info-circle-sub-def\"><i class=\"icomoon-font-awesome-14x14-free-code-camp info-circle-icon\" ><\/i><div class=\"responsive-font-class ult-responsive\" ><h3  data-ultimate-target='#info-cirlce-wrap-9255 .responsive-font-class h3.new-cust-responsive-class'  data-responsive-json-new='{\"font-size\":\"desktop:26px;\",\"line-height\":\"desktop:36px;\"}'  class=\"info-circle-heading ult-responsive new-cust-responsive-class\" style=\"font-weight:bold;\">Quincho<\/h3><div  class=\"info-circle-text \" style=\"font-weight:normal;\"><\/div><\/div><\/div><\/div><\/div><\/div><div id=\"info-cirlce-wrap-9255\" class=\"info-c-full\" style=\"background-color:#31692a;color:#ffffff;width:80%;height:80%;margin:10%;\"><div class=\"info-c-full-wrap\"><\/div><\/div><\/div><div class=\"smile_icon_list_wrap \" data-content_bg=\"#31692a\" data-content_color=\"#ffffff\">\n\t\t\t\t\t\t\t<ul id=\"info-cirlce-wrap-9255\" class=\"smile_icon_list left circle with_bg\"><li class=\"icon_list_item\" style=\"font-size:72px;\">\n\t\t\t\t\t\t\t\t\t<div class=\"icon_list_icon\" style=\"font-size:24px;width:24px;height:24px;line-height:1;\">\n\t\t\t\t\t\t\t\t\t\t<i class=\"smt-pencil\"><\/i>\n\t\t\t\t\t\t\t\t\t<\/div>\n\t\t\t\t\t\t\t\t\t<div  class=\"icon_description\" style=\"font-size:24px;\">\n\t\t\t\t\t\t\t\t\t\t<div class=\"responsive-font-class ult-responsive\"  data-ultimate-target='#info-cirlce-wrap-9255 .responsive-font-class *'  data-responsive-json-new='{\"font-size\":\"desktop:16px;\",\"line-height\":\"desktop:26px;\"}'  style=\"font-weight:normal;\">\n\t\t\t\t\t\t\t\t\t\t\t<h3  data-ultimate-target='#info-cirlce-wrap-9255 .responsive-font-class h3.new-cust-responsive-class'  data-responsive-json-new='{\"font-size\":\"desktop:26px;\",\"line-height\":\"desktop:36px;\"}'  class=\"ult-responsive new-cust-responsive-class\" style=\"font-weight:bold;\"><\/h3>\n\t\t\t\t\t\t\t\t\t\t\t<p><\/p>\n\t\t\t\t\t\t\t\t\t\t<\/div>\n\t\t\t\t\t\t\t\t\t<\/div>\n\t\t\t\t\t\t\t\t\t<div class=\"icon_list_connector\" style=\" border-style:solid;border-color:#5984b3; left:12px; top:24px;\">\n\t\t\t\t\t\t\t\t\t<\/div><\/li><\/ul>\n\t\t\t\t\t\t<\/div><\/div><\/div>[\/vc_column][\/vc_row][vc_row css=\u00bb.vc_custom_1640061224172{padding-top: 50px !important;padding-bottom: 30px !important;}\u00bb el_id=\u00bbgaleria\u00bb][vc_column]<div id=\"ultimate-heading-490469ef314212e7a\" class=\"uvc-heading ult-adjust-bottom-margin ultimate-heading-490469ef314212e7a uvc-1446 \" data-hspacer=\"line_with_icon\" data-hline_width=\"250\" data-hicon_type=\"selector\" data-hborder_style=\"solid\" data-hborder_height=\"3\" data-hborder_color=\"#fc2e58\" data-icon_width=\"14\" data-hfixer=\"15\"  data-halign=\"center\" style=\"text-align:center\"><div class=\"uvc-main-heading ult-responsive\"  data-ultimate-target='.uvc-heading.ultimate-heading-490469ef314212e7a h2'  data-responsive-json-new='{\"font-size\":\"desktop:50px;\",\"line-height\":\"desktop:60px;\"}' ><h2 style=\"font-weight:bold;margin-bottom:10px;\">Galeria<\/h2><\/div><div class=\"uvc-heading-spacer line_with_icon\" style=\"margin-bottom:10px;height:14px;\"><div class=\"ult-just-icon-wrapper  \"><div class=\"align-icon\" style=\"text-align:center;\">\n<div class=\"aio-icon none \"  style=\"color:#fc2e58;font-size:14px;display:inline-block;\">\n\t<i class=\"icomoon-font-awesome-14x14-bookmark\"><\/i>\n<\/div><\/div><\/div><\/div><\/div>[vc_media_grid element_width=\u00bb2&#8243; grid_id=\u00bbvc_gid:1736451997728-8d110fc14730ef02e19ab49c1bdbbb7a-8&#8243; include=\u00bb1003,1004,1005,1006,1007,1008,1009,1010,1011,1012,1013,1014,1015,1017,1018,1020,1021,1022,1023,1024,1025,1028,1026,1029&#8243;][\/vc_column][\/vc_row][vc_row equal_height=\u00bbyes\u00bb content_placement=\u00bbmiddle\u00bb bg_type=\u00bbimage\u00bb parallax_style=\u00bbvcpb-default\u00bb bg_image_new=\u00bbid^955|url^https:\/\/rukavutacura.cl\/wp-content\/uploads\/2021\/12\/DSC02766-scaled.jpg|caption^null|alt^null|title^DSC02766|description^null\u00bb bg_image_repeat=\u00bbno-repeat\u00bb bg_img_attach=\u00bbfixed\u00bb bg_override=\u00bbfull\u00bb parallax_content=\u00bboff\u00bb enable_overlay=\u00bbenable_overlay_value\u00bb overlay_color=\u00bbrgba(155,34,34,0.82)\u00bb seperator_enable=\u00bboff\u00bb ult_hide_row=\u00bboff\u00bb type=\u00bbvc_default\u00bb margin_bottom=\u00bb-51&#8243; anchor=\u00bbcontact\u00bb css=\u00bb.vc_custom_1640061904084{padding-top: 90px !important;padding-bottom: 40px !important;}\u00bb el_id=\u00bbcontacto\u00bb][vc_column offset=\u00bbvc_col-lg-6 vc_col-md-6&#8243; css=\u00bb.vc_custom_1640061791764{padding-bottom: 2px !important;}\u00bb]<div id=\"ultimate-heading-286669ef314212e96\" class=\"uvc-heading ult-adjust-bottom-margin ultimate-heading-286669ef314212e96 uvc-6998 \" data-hspacer=\"no_spacer\"  data-halign=\"left\" style=\"text-align:left\"><div class=\"uvc-heading-spacer no_spacer\" style=\"top\"><\/div><div class=\"uvc-main-heading ult-responsive\"  data-ultimate-target='.uvc-heading.ultimate-heading-286669ef314212e96 h2'  data-responsive-json-new='{\"font-size\":\"desktop:50px;mobile_landscape:30px;\",\"line-height\":\"desktop:60px;mobile_landscape:40px;\"}' ><h2 style=\"font-weight:bold;color:#ffffff;margin-bottom:20px;\">Ven y disfruta de un Bello amanecer<\/h2><\/div><\/div><div id=\"ultimate-heading-395969ef314212eaf\" class=\"uvc-heading ult-adjust-bottom-margin ultimate-heading-395969ef314212eaf uvc-8983 \" data-hspacer=\"no_spacer\"  data-halign=\"left\" style=\"text-align:left\"><div class=\"uvc-heading-spacer no_spacer\" style=\"top\"><\/div><div class=\"uvc-main-heading ult-responsive\"  data-ultimate-target='.uvc-heading.ultimate-heading-395969ef314212eaf h2'  data-responsive-json-new='{\"font-size\":\"desktop:30px;\",\"line-height\":\"desktop:40px;\"}' ><h2 style=\"font-weight:bold;color:#ffffff;margin-bottom:15px;\">Cont\u00e1ctanos<\/h2><\/div><\/div><div id=\"ultimate-heading-968369ef314212ec5\" class=\"uvc-heading ult-adjust-bottom-margin ultimate-heading-968369ef314212ec5 uvc-5959 phone-number\" data-hspacer=\"no_spacer\"  data-halign=\"left\" style=\"text-align:left\"><div class=\"uvc-heading-spacer no_spacer\" style=\"top\"><\/div><div class=\"uvc-main-heading ult-responsive\"  data-ultimate-target='.uvc-heading.ultimate-heading-968369ef314212ec5 h2'  data-responsive-json-new='{\"font-size\":\"desktop:50px;mobile_landscape:30px;\",\"line-height\":\"desktop:60px;mobile_landscape:40px;\"}' ><h2 style=\"font-weight:bold;color:#f7f7f7;margin-bottom:15px;\">+56965962796<\/h2><\/div><\/div><div id=\"ultimate-heading-524169ef314212ed9\" class=\"uvc-heading ult-adjust-bottom-margin ultimate-heading-524169ef314212ed9 uvc-7357 \" data-hspacer=\"no_spacer\"  data-halign=\"left\" style=\"text-align:left\"><div class=\"uvc-heading-spacer no_spacer\" style=\"top\"><\/div><div class=\"uvc-main-heading ult-responsive\"  data-ultimate-target='.uvc-heading.ultimate-heading-524169ef314212ed9 h2'  data-responsive-json-new='{\"font-size\":\"desktop:30px;mobile_landscape:22px;\",\"line-height\":\"desktop:40px;mobile_landscape:32px;\"}' ><h2 style=\"font-weight:bold;color:#ffffff;\">rukavutacura@gmail.com<\/h2><\/div><\/div>[vc_row_inner css=\u00bb.vc_custom_1641348379073{padding-top: 15px !important;}\u00bb][vc_column_inner width=\u00bb1\/2&#8243;]<div class=\"aio-icon-component    style_1\"><a class=\"aio-icon-box-link\" href=\"https:\/\/www.instagram.com\/rukavutacura_llifen\/\" title=\"Rukavutacura Llifen\" target=\"_blank\" rel=\"noopener\" ><div id=\"Info-box-wrap-6602\" class=\"aio-icon-box default-icon\" style=\"\"  ><div class=\"aio-icon-default\"><div class=\"ult-just-icon-wrapper  \"><div class=\"align-icon\" style=\"text-align:center;\">\n<div class=\"aio-icon circle \"  style=\"color:#a82626;background:#ffffff;font-size:32px;display:inline-block;\">\n\t<i class=\"icomoon-the7-font-instagram\"><\/i>\n<\/div><\/div><\/div><\/div><div class=\"aio-icon-header\" ><h3 class=\"aio-icon-title ult-responsive\"  data-ultimate-target='#Info-box-wrap-6602 .aio-icon-title'  data-responsive-json-new='{\"font-size\":\"\",\"line-height\":\"\"}'  style=\"color:#ffffff;\">Rukavutacura Llifen<\/h3><\/div> <!-- header --><\/div> <!-- aio-icon-box --><\/a><\/div> <!-- aio-icon-component -->[\/vc_column_inner][vc_column_inner width=\u00bb1\/2&#8243;]<div class=\"aio-icon-component    style_1\"><a class=\"aio-icon-box-link\" href=\"https:\/\/www.airbnb.cl\/rooms\/40665860\" title=\"Rukavutacura Llifen\" target=\"_blank\" rel=\"noopener\" ><div id=\"Info-box-wrap-5555\" class=\"aio-icon-box default-icon\" style=\"\"  ><div class=\"aio-icon-default\"><div class=\"ult-just-icon-wrapper  \"><div class=\"align-icon\" style=\"text-align:center;\">\n<div class=\"aio-icon circle \"  style=\"color:#a82626;background:#ffffff;font-size:32px;display:inline-block;\">\n\t<i class=\"fab fa-airbnb\"><\/i>\n<\/div><\/div><\/div><\/div><div class=\"aio-icon-header\" ><h3 class=\"aio-icon-title ult-responsive\"  data-ultimate-target='#Info-box-wrap-5555 .aio-icon-title'  data-responsive-json-new='{\"font-size\":\"\",\"line-height\":\"\"}'  style=\"color:#ffffff;\">Rukavutacura Llifen<\/h3><\/div> <!-- header --><\/div> <!-- aio-icon-box --><\/a><\/div> <!-- aio-icon-component -->[\/vc_column_inner][\/vc_row_inner][\/vc_column][vc_column offset=\u00bbvc_col-lg-6 vc_col-md-6&#8243; css=\u00bb.vc_custom_1490628728930{padding-top: 10px !important;padding-bottom: 50px !important;}\u00bb]<form class=\"dt-contact-form dt-form\" method=\"post\"><input type=\"hidden\" name=\"widget_id\" value=\"presscore-contact-form-widget--1\" \/><input type=\"hidden\" name=\"send_message\" value=\"\" \/><input type=\"hidden\" name=\"security_token\" value=\"e6f7e620fbe578eea33c\"\/><div class=\"form-fields\"><span class=\"form-name\"><label class=\"assistive-text\">Nombre *<\/label><input type=\"text\" class=\"validate[required]\" placeholder=\"Nombre *\" name=\"name\" value=\"\" aria-required=\"true\">\n<\/span><span class=\"form-mail\"><label class=\"assistive-text\">E-mail *<\/label><input type=\"text\" class=\"validate[required,custom[email]]\" placeholder=\"E-mail *\" name=\"email\" value=\"\" aria-required=\"true\">\n<\/span><span class=\"form-telephone\"><label class=\"assistive-text\">Tel\u00e9fono *<\/label><input type=\"text\" class=\"validate[required,custom[phone]]\" placeholder=\"Tel\u00e9fono *\" name=\"telephone\" value=\"\" aria-required=\"true\">\n<\/span><\/div><span class=\"form-message\"><label class=\"assistive-text\">Mensaje *<\/label><textarea class=\"validate[required]\" placeholder=\"Mensaje *\" name=\"message\" rows=\"5\" aria-required=\"true\"><\/textarea>\n<\/span><p><a href=\"#\" class=\"dt-btn dt-btn-m dt-btn-submit\" rel=\"nofollow\"><span>Enviar<\/span><\/a><input class=\"assistive-text\" type=\"submit\" value=\"enviar\"><\/p><\/form>\n[\/vc_column][\/vc_row][vc_row][vc_column][vc_single_image image=\u00bb1032&#8243; img_size=\u00bbmedium\u00bb alignment=\u00bbcenter\u00bb][\/vc_column][\/vc_row]<\/p>\n","protected":false},"excerpt":{"rendered":"<p>[vc_row css=\u00bb.vc_custom_1640061203755{padding-top: 40px !important;}\u00bb el_id=\u00bbnosotros\u00bb][vc_column][\/vc_column][\/vc_row][vc_row equal_height=\u00bbyes\u00bb content_placement=\u00bbmiddle\u00bb][vc_column width=\u00bb1\/2&#8243;][vc_column_text css=\u00bb.vc_custom_1640060163062{padding-bottom: 50px !important;}\u00bb]Es un emprendimiento familiar que lleva funcionando hace unos 6 a\u00f1os aproximadamente, atendida por su propia due\u00f1a. Emplezada en la cuenca del lago Ranco, espec\u00edficamente en la playa Huequecura, localidad de Llif\u00e9n. Nuestra Misi\u00f3n es fomentar el turismo rural, entregando un servicio de alojamiento y&hellip;<\/p>\n","protected":false},"author":1,"featured_media":0,"parent":0,"menu_order":0,"comment_status":"closed","ping_status":"closed","template":"template-microsite.php","meta":{"footnotes":""},"class_list":["post-152","page","type-page","status-publish","hentry","description-off"],"_links":{"self":[{"href":"https:\/\/rukavutacura.cl\/index.php\/wp-json\/wp\/v2\/pages\/152","targetHints":{"allow":["GET"]}}],"collection":[{"href":"https:\/\/rukavutacura.cl\/index.php\/wp-json\/wp\/v2\/pages"}],"about":[{"href":"https:\/\/rukavutacura.cl\/index.php\/wp-json\/wp\/v2\/types\/page"}],"author":[{"embeddable":true,"href":"https:\/\/rukavutacura.cl\/index.php\/wp-json\/wp\/v2\/users\/1"}],"replies":[{"embeddable":true,"href":"https:\/\/rukavutacura.cl\/index.php\/wp-json\/wp\/v2\/comments?post=152"}],"version-history":[{"count":17,"href":"https:\/\/rukavutacura.cl\/index.php\/wp-json\/wp\/v2\/pages\/152\/revisions"}],"predecessor-version":[{"id":1034,"href":"https:\/\/rukavutacura.cl\/index.php\/wp-json\/wp\/v2\/pages\/152\/revisions\/1034"}],"wp:attachment":[{"href":"https:\/\/rukavutacura.cl\/index.php\/wp-json\/wp\/v2\/media?parent=152"}],"curies":[{"name":"wp","href":"https:\/\/api.w.org\/{rel}","templated":true}]}}